{"id":236,"date":"2021-10-21T14:09:56","date_gmt":"2021-10-21T14:09:56","guid":{"rendered":"https:\/\/ges\u00fcnderwohnen.de\/?page_id=236"},"modified":"2022-05-10T18:13:21","modified_gmt":"2022-05-10T18:13:21","slug":"bewerbung","status":"publish","type":"page","link":"https:\/\/ges\u00fcnderwohnen.de\/?page_id=236","title":{"rendered":"Bewerbung"},"content":{"rendered":"<p><span style=\"width: 100%;\"><img decoding=\"async\" alt=\"\" width=\"301\" height=\"154\" title=\"Ges\u00fcnder Wohnen5-02\" data-id=\"387\" src=\"https:\/\/ges\u00fcnderwohnen.de\/wp-content\/uploads\/2022\/05\/Gesuender-Wohnen5-02.png\" style=\"\" data-width=\"301\" data-height=\"154\" data-init-width=\"3751\" data-init-height=\"1918\" loading=\"lazy\" ml-d=\"0\"><\/span><\/p>\n<h1 style=\"text-align: center;\"><strong><strong>Deine kostenlose Beratungssession<\/strong><\/strong><\/h1>\n<h3 style=\"text-align: center;\"><em>Bitte f\u00fclle dieses kurze Formular aus, damit wir wissen, wie wir dir helfen k\u00f6nnen:<\/em><\/h3>\n<p> Fill out my <a href=\"https:\/\/maethes13.wufoo.com\/forms\/mng5jig1e0274y\">online form<\/a>.  [tcb-script type=&#8220;text\/javascript&#8220;] var mng5jig1e0274y; (function(d, t) { var s = d.createElement(t), options = { &#8218;userName&#8216;:&#8217;maethes13&#8242;, &#8218;formHash&#8216;:&#8217;mng5jig1e0274y&#8216;, &#8218;autoResize&#8216;:true, &#8218;height&#8216;:&#8217;410&#8242;, &#8218;async&#8216;:true, &#8218;host&#8216;:&#8217;wufoo.com&#8216;, &#8218;header&#8216;:&#8217;hide&#8216;, &#8217;ssl&#8216;:true }; s.src = (&#8218;https:&#8216; == d.location.protocol ?&#8217;https:\/\/&#8216;:&#8217;http:\/\/&#8216;) + &#8217;secure.wufoo.com\/scripts\/embed\/form.js&#8216;; s.onload = s.onreadystatechange = function() { var rs = this.readyState; if (rs) if (rs != &#8218;complete&#8216;) if (rs != &#8218;loaded&#8216;) return; try { mng5jig1e0274y = new WufooForm(); mng5jig1e0274y.initialize(options); mng5jig1e0274y.display(); } catch (e) { } }; var scr = d.getElementsByTagName(t)[0], par = scr.parentNode; par.insertBefore(s, scr); })(document, &#8217;script&#8216;); [\/tcb-script]<\/p>\n<p>Copyright \u00a9 2022<span style=\"color: rgb(167, 167, 167);\"><span style=\"outline: none;\"><a href=\"https:\/\/xn--gesnderwohnen-yob.de\/?page_id=74\" style=\"outline: none;\">Impressum<\/a> <\/span><\/span><a href=\"https:\/\/xn--gesnderwohnen-yob.de\/?page_id=221\" style=\"outline: none;\"><span style=\"color: rgb(167, 167, 167);\"><span style=\"outline: none;\">Datenschutz<\/span><\/span><\/a><\/p>\n<p style=\"text-align: center;\">\n<p style=\"text-align: center;\">This site is not a part of the Facebook website or Facebook Inc. Additionally, This site is NOT endorsed by Facebook in any way. FACEBOOK is a trademark of FACEBOOK, Inc.<\/p>\n","protected":false},"excerpt":{"rendered":"<p>Deine kostenlose Beratungssession Bitte f\u00fclle dieses kurze Formular aus, damit wir wissen, wie wir dir helfen k\u00f6nnen: Fill out my online form. [tcb-script type=&#8220;text\/javascript&#8220;] var mng5jig1e0274y; (function(d, t) { var s = d.createElement(t), options = { &#8218;userName&#8216;:&#8217;maethes13&#8242;, &#8218;formHash&#8216;:&#8217;mng5jig1e0274y&#8216;, &#8218;autoResize&#8216;:true, &#8218;height&#8216;:&#8217;410&#8242;, &#8218;async&#8216;:true, &#8218;host&#8216;:&#8217;wufoo.com&#8216;, &#8218;header&#8216;:&#8217;hide&#8216;, &#8217;ssl&#8216;:true }; s.src = (&#8218;https:&#8216; == d.location.protocol ?&#8217;https:\/\/&#8216;:&#8217;http:\/\/&#8216;) + &#8217;secure.wufoo.com\/scripts\/embed\/form.js&#8216;; s.onload =&hellip; <a class=\"more-link\" href=\"https:\/\/ges\u00fcnderwohnen.de\/?page_id=236\"><span class=\"screen-reader-text\">Bewerbung<\/span> weiterlesen<\/a><\/p>\n","protected":false},"author":1,"featured_media":0,"parent":0,"menu_order":0,"comment_status":"closed","ping_status":"closed","template":"","meta":{"footnotes":""},"class_list":["post-236","page","type-page","status-publish","hentry","entry"],"yoast_head":"<!-- This site is optimized with the Yoast SEO plugin v27.5 - https:\/\/yoast.com\/product\/yoast-seo-wordpress\/ -->\n<title>Bewerbung - GES\u00dcNDER WOHNEN<\/title>\n<meta name=\"robots\" content=\"index, follow, max-snippet:-1, max-image-preview:large, max-video-preview:-1\" \/>\n<link rel=\"canonical\" href=\"https:\/\/ges\u00fcnderwohnen.de\/?page_id=236\" \/>\n<meta property=\"og:locale\" content=\"de_DE\" \/>\n<meta property=\"og:type\" content=\"article\" \/>\n<meta property=\"og:title\" content=\"Bewerbung - GES\u00dcNDER WOHNEN\" \/>\n<meta property=\"og:description\" content=\"Deine kostenlose Beratungssession Bitte f\u00fclle dieses kurze Formular aus, damit wir wissen, wie wir dir helfen k\u00f6nnen: Fill out my online form. [tcb-script type=&#8220;text\/javascript&#8220;] var mng5jig1e0274y; (function(d, t) { var s = d.createElement(t), options = { &#8218;userName&#8216;:&#8217;maethes13&#8242;, &#8218;formHash&#8216;:&#8217;mng5jig1e0274y&#8216;, &#8218;autoResize&#8216;:true, &#8218;height&#8216;:&#8217;410&#8242;, &#8218;async&#8216;:true, &#8218;host&#8216;:&#8217;wufoo.com&#8216;, &#8218;header&#8216;:&#8217;hide&#8216;, &#8217;ssl&#8216;:true }; s.src = (&#8218;https:&#8216; == d.location.protocol ?&#8217;https:\/\/&#8216;:&#8217;http:\/\/&#8216;) + &#8217;secure.wufoo.com\/scripts\/embed\/form.js&#8216;; s.onload =&hellip; Bewerbung weiterlesen\" \/>\n<meta property=\"og:url\" content=\"https:\/\/ges\u00fcnderwohnen.de\/?page_id=236\" \/>\n<meta property=\"og:site_name\" content=\"GES\u00dcNDER WOHNEN\" \/>\n<meta property=\"article:modified_time\" content=\"2022-05-10T18:13:21+00:00\" \/>\n<meta name=\"twitter:card\" content=\"summary_large_image\" \/>\n<meta name=\"twitter:label1\" content=\"Gesch\u00e4tzte Lesezeit\" \/>\n\t<meta name=\"twitter:data1\" content=\"1\u00a0Minute\" \/>\n<script type=\"application\/ld+json\" class=\"yoast-schema-graph\">{\"@context\":\"https:\\\/\\\/schema.org\",\"@graph\":[{\"@type\":\"WebPage\",\"@id\":\"https:\\\/\\\/ges\u00fcnderwohnen.de\\\/?page_id=236\",\"url\":\"https:\\\/\\\/ges\u00fcnderwohnen.de\\\/?page_id=236\",\"name\":\"Bewerbung - GES\u00dcNDER WOHNEN\",\"isPartOf\":{\"@id\":\"https:\\\/\\\/ges\u00fcnderwohnen.de\\\/#website\"},\"datePublished\":\"2021-10-21T14:09:56+00:00\",\"dateModified\":\"2022-05-10T18:13:21+00:00\",\"breadcrumb\":{\"@id\":\"https:\\\/\\\/ges\u00fcnderwohnen.de\\\/?page_id=236#breadcrumb\"},\"inLanguage\":\"de\",\"potentialAction\":[{\"@type\":\"ReadAction\",\"target\":[\"https:\\\/\\\/ges\u00fcnderwohnen.de\\\/?page_id=236\"]}]},{\"@type\":\"BreadcrumbList\",\"@id\":\"https:\\\/\\\/ges\u00fcnderwohnen.de\\\/?page_id=236#breadcrumb\",\"itemListElement\":[{\"@type\":\"ListItem\",\"position\":1,\"name\":\"Startseite\",\"item\":\"https:\\\/\\\/ges\u00fcnderwohnen.de\\\/\"},{\"@type\":\"ListItem\",\"position\":2,\"name\":\"Bewerbung\"}]},{\"@type\":\"WebSite\",\"@id\":\"https:\\\/\\\/ges\u00fcnderwohnen.de\\\/#website\",\"url\":\"https:\\\/\\\/ges\u00fcnderwohnen.de\\\/\",\"name\":\"GES\u00dcNDER WOHNEN\",\"description\":\"Gesunde Geb\u00e4ude - Gesunde Menschen\",\"potentialAction\":[{\"@type\":\"SearchAction\",\"target\":{\"@type\":\"EntryPoint\",\"urlTemplate\":\"https:\\\/\\\/ges\u00fcnderwohnen.de\\\/?s={search_term_string}\"},\"query-input\":{\"@type\":\"PropertyValueSpecification\",\"valueRequired\":true,\"valueName\":\"search_term_string\"}}],\"inLanguage\":\"de\"}]}<\/script>\n<!-- \/ Yoast SEO plugin. -->","yoast_head_json":{"title":"Bewerbung - GES\u00dcNDER WOHNEN","robots":{"index":"index","follow":"follow","max-snippet":"max-snippet:-1","max-image-preview":"max-image-preview:large","max-video-preview":"max-video-preview:-1"},"canonical":"https:\/\/ges\u00fcnderwohnen.de\/?page_id=236","og_locale":"de_DE","og_type":"article","og_title":"Bewerbung - GES\u00dcNDER WOHNEN","og_description":"Deine kostenlose Beratungssession Bitte f\u00fclle dieses kurze Formular aus, damit wir wissen, wie wir dir helfen k\u00f6nnen: Fill out my online form. [tcb-script type=&#8220;text\/javascript&#8220;] var mng5jig1e0274y; (function(d, t) { var s = d.createElement(t), options = { &#8218;userName&#8216;:&#8217;maethes13&#8242;, &#8218;formHash&#8216;:&#8217;mng5jig1e0274y&#8216;, &#8218;autoResize&#8216;:true, &#8218;height&#8216;:&#8217;410&#8242;, &#8218;async&#8216;:true, &#8218;host&#8216;:&#8217;wufoo.com&#8216;, &#8218;header&#8216;:&#8217;hide&#8216;, &#8217;ssl&#8216;:true }; s.src = (&#8218;https:&#8216; == d.location.protocol ?&#8217;https:\/\/&#8216;:&#8217;http:\/\/&#8216;) + &#8217;secure.wufoo.com\/scripts\/embed\/form.js&#8216;; s.onload =&hellip; Bewerbung weiterlesen","og_url":"https:\/\/ges\u00fcnderwohnen.de\/?page_id=236","og_site_name":"GES\u00dcNDER WOHNEN","article_modified_time":"2022-05-10T18:13:21+00:00","twitter_card":"summary_large_image","twitter_misc":{"Gesch\u00e4tzte Lesezeit":"1\u00a0Minute"},"schema":{"@context":"https:\/\/schema.org","@graph":[{"@type":"WebPage","@id":"https:\/\/ges\u00fcnderwohnen.de\/?page_id=236","url":"https:\/\/ges\u00fcnderwohnen.de\/?page_id=236","name":"Bewerbung - GES\u00dcNDER WOHNEN","isPartOf":{"@id":"https:\/\/ges\u00fcnderwohnen.de\/#website"},"datePublished":"2021-10-21T14:09:56+00:00","dateModified":"2022-05-10T18:13:21+00:00","breadcrumb":{"@id":"https:\/\/ges\u00fcnderwohnen.de\/?page_id=236#breadcrumb"},"inLanguage":"de","potentialAction":[{"@type":"ReadAction","target":["https:\/\/ges\u00fcnderwohnen.de\/?page_id=236"]}]},{"@type":"BreadcrumbList","@id":"https:\/\/ges\u00fcnderwohnen.de\/?page_id=236#breadcrumb","itemListElement":[{"@type":"ListItem","position":1,"name":"Startseite","item":"https:\/\/ges\u00fcnderwohnen.de\/"},{"@type":"ListItem","position":2,"name":"Bewerbung"}]},{"@type":"WebSite","@id":"https:\/\/ges\u00fcnderwohnen.de\/#website","url":"https:\/\/ges\u00fcnderwohnen.de\/","name":"GES\u00dcNDER WOHNEN","description":"Gesunde Geb\u00e4ude - Gesunde Menschen","potentialAction":[{"@type":"SearchAction","target":{"@type":"EntryPoint","urlTemplate":"https:\/\/ges\u00fcnderwohnen.de\/?s={search_term_string}"},"query-input":{"@type":"PropertyValueSpecification","valueRequired":true,"valueName":"search_term_string"}}],"inLanguage":"de"}]}},"_links":{"self":[{"href":"https:\/\/ges\u00fcnderwohnen.de\/index.php?rest_route=\/wp\/v2\/pages\/236","targetHints":{"allow":["GET"]}}],"collection":[{"href":"https:\/\/ges\u00fcnderwohnen.de\/index.php?rest_route=\/wp\/v2\/pages"}],"about":[{"href":"https:\/\/ges\u00fcnderwohnen.de\/index.php?rest_route=\/wp\/v2\/types\/page"}],"author":[{"embeddable":true,"href":"https:\/\/ges\u00fcnderwohnen.de\/index.php?rest_route=\/wp\/v2\/users\/1"}],"replies":[{"embeddable":true,"href":"https:\/\/ges\u00fcnderwohnen.de\/index.php?rest_route=%2Fwp%2Fv2%2Fcomments&post=236"}],"version-history":[{"count":11,"href":"https:\/\/ges\u00fcnderwohnen.de\/index.php?rest_route=\/wp\/v2\/pages\/236\/revisions"}],"predecessor-version":[{"id":393,"href":"https:\/\/ges\u00fcnderwohnen.de\/index.php?rest_route=\/wp\/v2\/pages\/236\/revisions\/393"}],"wp:attachment":[{"href":"https:\/\/ges\u00fcnderwohnen.de\/index.php?rest_route=%2Fwp%2Fv2%2Fmedia&parent=236"}],"curies":[{"name":"wp","href":"https:\/\/api.w.org\/{rel}","templated":true}]}}